{"id":49,"date":"2021-08-02T16:21:08","date_gmt":"2021-08-02T14:21:08","guid":{"rendered":"https:\/\/www.wherethelightis.be\/?page_id=49"},"modified":"2021-08-02T16:37:06","modified_gmt":"2021-08-02T14:37:06","slug":"evenement","status":"publish","type":"page","link":"https:\/\/www.wherethelightis.be\/index.php\/evenement\/","title":{"rendered":"\u00c9v\u00e9nement"},"content":{"rendered":"<p>L&#8217;asbl &#8220;Where The Light Is&#8221; est fi\u00e8re de vous inviter au tout premier concert de son histoire. Et quel concert!\u00a0 Le th\u00e9\u00e2tre de La Louvi\u00e8re et toute l&#8217;\u00e9quipe de Cestcentral nous accueillera pour vous proposer 1h30 de spectacle ce samedi 9 octobre 2021, \u00e0 partir de 19h00.<\/p>\n<p>Suite \u00e0 cet \u00e9v\u00e8nement, l&#8217;asbl vous proposera plusieurs formules de cours adapt\u00e9s au plus grand nombre.<\/p>\n<p>Infos et r\u00e9servations : https:\/\/fb.me\/e\/1EZgbtqN3<\/p>\n","protected":false},"excerpt":{"rendered":"<p>L&#8217;asbl &#8220;Where The Light Is&#8221; est fi\u00e8re de vous inviter au tout premier concert de son histoire. Et quel concert!\u00a0 Le th\u00e9\u00e2tre de La Louvi\u00e8re et toute l&#8217;\u00e9quipe de Cestcentral nous accueillera pour vous proposer 1h30 de spectacle ce samedi 9 octobre 2021, \u00e0 partir de 19h00. Suite \u00e0 cet \u00e9v\u00e8nement, l&#8217;asbl vous proposera plusieurs [&hellip;]<\/p>\n","protected":false},"author":1,"featured_media":0,"parent":0,"menu_order":0,"comment_status":"closed","ping_status":"closed","template":"","meta":{"spay_email":""},"yoast_head":"<!-- This site is optimized with the Yoast SEO plugin v16.8 - https:\/\/yoast.com\/wordpress\/plugins\/seo\/ -->\n<title>\u00c9v\u00e9nement - Where The Light Is<\/title>\n<meta name=\"robots\" content=\"noindex, follow, max-snippet:-1, max-image-preview:large, max-video-preview:-1\" \/>\n<meta property=\"og:locale\" content=\"fr_FR\" \/>\n<meta property=\"og:type\" content=\"article\" \/>\n<meta property=\"og:title\" content=\"\u00c9v\u00e9nement - Where The Light Is\" \/>\n<meta property=\"og:description\" content=\"L&#8217;asbl &#8220;Where The Light Is&#8221; est fi\u00e8re de vous inviter au tout premier concert de son histoire. Et quel concert!\u00a0 Le th\u00e9\u00e2tre de La Louvi\u00e8re et toute l&#8217;\u00e9quipe de Cestcentral nous accueillera pour vous proposer 1h30 de spectacle ce samedi 9 octobre 2021, \u00e0 partir de 19h00. Suite \u00e0 cet \u00e9v\u00e8nement, l&#8217;asbl vous proposera plusieurs [&hellip;]\" \/>\n<meta property=\"og:url\" content=\"https:\/\/www.wherethelightis.be\/index.php\/evenement\/\" \/>\n<meta property=\"og:site_name\" content=\"Where The Light Is\" \/>\n<meta property=\"article:modified_time\" content=\"2021-08-02T14:37:06+00:00\" \/>\n<meta name=\"twitter:card\" content=\"summary_large_image\" \/>\n<meta name=\"twitter:label1\" content=\"Dur\u00e9e de lecture est.\" \/>\n\t<meta name=\"twitter:data1\" content=\"1 minute\" \/>\n<script type=\"application\/ld+json\" class=\"yoast-schema-graph\">{\"@context\":\"https:\/\/schema.org\",\"@graph\":[{\"@type\":\"WebSite\",\"@id\":\"https:\/\/www.wherethelightis.be\/#website\",\"url\":\"https:\/\/www.wherethelightis.be\/\",\"name\":\"Where The Light Is\",\"description\":\"Votre nouvelle structure pour apprendre la musique\",\"potentialAction\":[{\"@type\":\"SearchAction\",\"target\":{\"@type\":\"EntryPoint\",\"urlTemplate\":\"https:\/\/www.wherethelightis.be\/?s={search_term_string}\"},\"query-input\":\"required name=search_term_string\"}],\"inLanguage\":\"fr-FR\"},{\"@type\":\"WebPage\",\"@id\":\"https:\/\/www.wherethelightis.be\/index.php\/evenement\/#webpage\",\"url\":\"https:\/\/www.wherethelightis.be\/index.php\/evenement\/\",\"name\":\"\\u00c9v\\u00e9nement - Where The Light Is\",\"isPartOf\":{\"@id\":\"https:\/\/www.wherethelightis.be\/#website\"},\"datePublished\":\"2021-08-02T14:21:08+00:00\",\"dateModified\":\"2021-08-02T14:37:06+00:00\",\"breadcrumb\":{\"@id\":\"https:\/\/www.wherethelightis.be\/index.php\/evenement\/#breadcrumb\"},\"inLanguage\":\"fr-FR\",\"potentialAction\":[{\"@type\":\"ReadAction\",\"target\":[\"https:\/\/www.wherethelightis.be\/index.php\/evenement\/\"]}]},{\"@type\":\"BreadcrumbList\",\"@id\":\"https:\/\/www.wherethelightis.be\/index.php\/evenement\/#breadcrumb\",\"itemListElement\":[{\"@type\":\"ListItem\",\"position\":1,\"name\":\"Accueil\",\"item\":\"https:\/\/www.wherethelightis.be\/\"},{\"@type\":\"ListItem\",\"position\":2,\"name\":\"\\u00c9v\\u00e9nement\"}]}]}<\/script>\n<!-- \/ Yoast SEO plugin. -->","yoast_head_json":{"title":"\u00c9v\u00e9nement - Where The Light Is","robots":{"index":"noindex","follow":"follow","max-snippet":"max-snippet:-1","max-image-preview":"max-image-preview:large","max-video-preview":"max-video-preview:-1"},"og_locale":"fr_FR","og_type":"article","og_title":"\u00c9v\u00e9nement - Where The Light Is","og_description":"L&#8217;asbl &#8220;Where The Light Is&#8221; est fi\u00e8re de vous inviter au tout premier concert de son histoire. Et quel concert!\u00a0 Le th\u00e9\u00e2tre de La Louvi\u00e8re et toute l&#8217;\u00e9quipe de Cestcentral nous accueillera pour vous proposer 1h30 de spectacle ce samedi 9 octobre 2021, \u00e0 partir de 19h00. Suite \u00e0 cet \u00e9v\u00e8nement, l&#8217;asbl vous proposera plusieurs [&hellip;]","og_url":"https:\/\/www.wherethelightis.be\/index.php\/evenement\/","og_site_name":"Where The Light Is","article_modified_time":"2021-08-02T14:37:06+00:00","twitter_card":"summary_large_image","twitter_misc":{"Dur\u00e9e de lecture est.":"1 minute"},"schema":{"@context":"https:\/\/schema.org","@graph":[{"@type":"WebSite","@id":"https:\/\/www.wherethelightis.be\/#website","url":"https:\/\/www.wherethelightis.be\/","name":"Where The Light Is","description":"Votre nouvelle structure pour apprendre la musique","potentialAction":[{"@type":"SearchAction","target":{"@type":"EntryPoint","urlTemplate":"https:\/\/www.wherethelightis.be\/?s={search_term_string}"},"query-input":"required name=search_term_string"}],"inLanguage":"fr-FR"},{"@type":"WebPage","@id":"https:\/\/www.wherethelightis.be\/index.php\/evenement\/#webpage","url":"https:\/\/www.wherethelightis.be\/index.php\/evenement\/","name":"\u00c9v\u00e9nement - Where The Light Is","isPartOf":{"@id":"https:\/\/www.wherethelightis.be\/#website"},"datePublished":"2021-08-02T14:21:08+00:00","dateModified":"2021-08-02T14:37:06+00:00","breadcrumb":{"@id":"https:\/\/www.wherethelightis.be\/index.php\/evenement\/#breadcrumb"},"inLanguage":"fr-FR","potentialAction":[{"@type":"ReadAction","target":["https:\/\/www.wherethelightis.be\/index.php\/evenement\/"]}]},{"@type":"BreadcrumbList","@id":"https:\/\/www.wherethelightis.be\/index.php\/evenement\/#breadcrumb","itemListElement":[{"@type":"ListItem","position":1,"name":"Accueil","item":"https:\/\/www.wherethelightis.be\/"},{"@type":"ListItem","position":2,"name":"\u00c9v\u00e9nement"}]}]}},"jetpack_sharing_enabled":true,"_links":{"self":[{"href":"https:\/\/www.wherethelightis.be\/index.php\/wp-json\/wp\/v2\/pages\/49"}],"collection":[{"href":"https:\/\/www.wherethelightis.be\/index.php\/wp-json\/wp\/v2\/pages"}],"about":[{"href":"https:\/\/www.wherethelightis.be\/index.php\/wp-json\/wp\/v2\/types\/page"}],"author":[{"embeddable":true,"href":"https:\/\/www.wherethelightis.be\/index.php\/wp-json\/wp\/v2\/users\/1"}],"replies":[{"embeddable":true,"href":"https:\/\/www.wherethelightis.be\/index.php\/wp-json\/wp\/v2\/comments?post=49"}],"version-history":[{"count":3,"href":"https:\/\/www.wherethelightis.be\/index.php\/wp-json\/wp\/v2\/pages\/49\/revisions"}],"predecessor-version":[{"id":57,"href":"https:\/\/www.wherethelightis.be\/index.php\/wp-json\/wp\/v2\/pages\/49\/revisions\/57"}],"wp:attachment":[{"href":"https:\/\/www.wherethelightis.be\/index.php\/wp-json\/wp\/v2\/media?parent=49"}],"curies":[{"name":"wp","href":"https:\/\/api.w.org\/{rel}","templated":true}]}}